{"id":13,"date":"2012-03-14T21:41:45","date_gmt":"2012-03-14T19:41:45","guid":{"rendered":"http:\/\/www.atripsolutions.ro\/site\/?page_id=13"},"modified":"2016-01-25T22:56:33","modified_gmt":"2016-01-25T20:56:33","slug":"contact","status":"publish","type":"page","link":"https:\/\/www.atripsolutions.ro\/site\/contact\/","title":{"rendered":"contact"},"content":{"rendered":"<p>[et_pb_section admin_label=&#8221;section&#8221; fullwidth=&#8221;on&#8221; specialty=&#8221;off&#8221; transparent_background=&#8221;off&#8221; background_color=&#8221;#222222&#8243; inner_shadow=&#8221;off&#8221; parallax=&#8221;off&#8221; parallax_method=&#8221;off&#8221;][et_pb_fullwidth_slider admin_label=&#8221;Fullwidth Slider&#8221; show_arrows=&#8221;on&#8221; show_pagination=&#8221;on&#8221; auto=&#8221;off&#8221; parallax=&#8221;off&#8221; parallax_method=&#8221;off&#8221;]<\/p>\n<p>[et_pb_slide background_image=&#8221;http:\/\/www.atripsolutions.ro\/site\/wp-content\/uploads\/2012\/03\/Slider-1280px.png&#8221; background_color=&#8221;#222222&#8243; alignment=&#8221;center&#8221; background_layout=&#8221;dark&#8221; \/]<\/p>\n<p>[\/et_pb_fullwidth_slider][\/et_pb_section][et_pb_section admin_label=&#8221;section&#8221;][et_pb_row admin_label=&#8221;row&#8221;][et_pb_column type=&#8221;2_3&#8243;][et_pb_text admin_label=&#8221;Text&#8221; background_layout=&#8221;light&#8221; text_orientation=&#8221;left&#8221;]<\/p>\n<p>\u00centotdeauna p\u0103rerea clien\u021bilor sau a poten\u021bialilor clien\u021bi a contat pentru noi a\u0219a c\u0103 te rug\u0103m s\u0103 nu ezi\u021bi s\u0103 ne contactezi \u00een cazul \u00een care dore\u0219ti s\u0103 afli mai multe despre site-urile pe care le facem sau celealte servicii \u0219i produse pe care le comercializ\u0103m.<\/p>\n<p>Dac\u0103\u00a0dore\u0219ti s\u0103 ne trimi\u021bi un mesaj, te rug\u0103m s\u0103 folose\u0219ti formularul de contact de mai jos sau datele de contact afi\u0219ate \u00een dreapta ecranului.<\/p>\n<p>&nbsp;<\/p>\n<p>[\/et_pb_text][et_pb_divider admin_label=&#8221;Divider&#8221; color=&#8221;#fc4300&#8243; show_divider=&#8221;on&#8221;]<\/p>\n<p>[\/et_pb_divider][et_pb_contact_form admin_label=&#8221;Contact Form&#8221; captcha=&#8221;on&#8221; email=&#8221;stefancalistru@gmail.com&#8221; title=&#8221;Trimite acum mesajul t\u0103u&#8221; use_redirect=&#8221;off&#8221; input_border_radius=&#8221;0&#8243; use_border_color=&#8221;off&#8221; border_color=&#8221;#ffffff&#8221; border_style=&#8221;solid&#8221; custom_button=&#8221;off&#8221; button_letter_spacing=&#8221;0&#8243; button_use_icon=&#8221;default&#8221; button_icon_placement=&#8221;right&#8221; button_on_hover=&#8221;on&#8221; button_letter_spacing_hover=&#8221;0&#8243;]<\/p>\n<p>[et_pb_contact_field field_title=&#8221;Name&#8221; field_type=&#8221;input&#8221; field_id=&#8221;Name&#8221; required_mark=&#8221;on&#8221; fullwidth_field=&#8221;off&#8221; form_field_font_select=&#8221;default&#8221; form_field_font=&#8221;||||&#8221; use_border_color=&#8221;off&#8221; border_style=&#8221;solid&#8221;]<\/p>\n<p>[\/et_pb_contact_field][et_pb_contact_field field_title=&#8221;Email Address&#8221; field_type=&#8221;email&#8221; field_id=&#8221;Email&#8221; required_mark=&#8221;on&#8221; fullwidth_field=&#8221;off&#8221;]<\/p>\n<p>[\/et_pb_contact_field][et_pb_contact_field field_id=&#8221;telefon&#8221; field_title=&#8221;Telefon&#8221; field_type=&#8221;input&#8221; required_mark=&#8221;on&#8221; fullwidth_field=&#8221;off&#8221; form_field_font_select=&#8221;default&#8221; form_field_font=&#8221;||||&#8221; use_border_color=&#8221;off&#8221; border_style=&#8221;solid&#8221; \/][et_pb_contact_field field_title=&#8221;Message&#8221; field_type=&#8221;text&#8221; field_id=&#8221;Message&#8221; required_mark=&#8221;on&#8221;]<\/p>\n<p>[\/et_pb_contact_field]<\/p>\n<p>[\/et_pb_contact_form][\/et_pb_column][et_pb_column type=&#8221;1_3&#8243;][et_pb_blurb admin_label=&#8221;Blurb&#8221; title=&#8221;Suceava, Al. Lalelelor nr. 2&#8243; url_new_window=&#8221;off&#8221; use_icon=&#8221;on&#8221; font_icon=&#8221;\ue01d&#8221; icon_color=&#8221;#fc4300&#8243; use_circle=&#8221;off&#8221; circle_color=&#8221;#fc4300&#8243; use_circle_border=&#8221;off&#8221; circle_border_color=&#8221;#fc4300&#8243; icon_placement=&#8221;left&#8221; animation=&#8221;top&#8221; background_layout=&#8221;light&#8221; text_orientation=&#8221;center&#8221;]<\/p>\n<p>[\/et_pb_blurb][et_pb_blurb admin_label=&#8221;Blurb&#8221; title=&#8221;+4 0744 55 32 92&#8243; url_new_window=&#8221;off&#8221; use_icon=&#8221;on&#8221; font_icon=&#8221;\ue00b&#8221; icon_color=&#8221;#fc4300&#8243; use_circle=&#8221;off&#8221; circle_color=&#8221;#fc4300&#8243; use_circle_border=&#8221;off&#8221; circle_border_color=&#8221;#fc4300&#8243; icon_placement=&#8221;left&#8221; animation=&#8221;top&#8221; background_layout=&#8221;light&#8221; text_orientation=&#8221;center&#8221;]<\/p>\n<p>[\/et_pb_blurb][et_pb_blurb admin_label=&#8221;Blurb&#8221; title=&#8221; +4 0330 819 886&#8243; url_new_window=&#8221;off&#8221; use_icon=&#8221;on&#8221; font_icon=&#8221;\ue103&#8221; icon_color=&#8221;#fc4300&#8243; use_circle=&#8221;off&#8221; circle_color=&#8221;#fc4300&#8243; use_circle_border=&#8221;off&#8221; circle_border_color=&#8221;#fc4300&#8243; icon_placement=&#8221;left&#8221; animation=&#8221;top&#8221; background_layout=&#8221;light&#8221; text_orientation=&#8221;center&#8221;]<\/p>\n<p>[\/et_pb_blurb][et_pb_blurb admin_label=&#8221;Blurb&#8221; title=&#8221;contact@atripsolutions.ro&#8221; url=&#8221;mailto: contact@atripsolutions.ro&#8221; url_new_window=&#8221;on&#8221; use_icon=&#8221;on&#8221; font_icon=&#8221;\ue010&#8221; icon_color=&#8221;#fc4300&#8243; use_circle=&#8221;off&#8221; circle_color=&#8221;#fc4300&#8243; use_circle_border=&#8221;off&#8221; circle_border_color=&#8221;#fc4300&#8243; icon_placement=&#8221;left&#8221; animation=&#8221;top&#8221; background_layout=&#8221;light&#8221; text_orientation=&#8221;center&#8221;]<\/p>\n<p>[\/et_pb_blurb][et_pb_blurb admin_label=&#8221;Blurb&#8221; title=&#8221;www.atripsolutions.ro&#8221; url=&#8221;www.atripsolutions.ro&#8221; url_new_window=&#8221;off&#8221; use_icon=&#8221;on&#8221; font_icon=&#8221;\ue0e3&#8221; icon_color=&#8221;#fc4300&#8243; use_circle=&#8221;off&#8221; circle_color=&#8221;#fc4300&#8243; use_circle_border=&#8221;off&#8221; circle_border_color=&#8221;#fc4300&#8243; icon_placement=&#8221;left&#8221; animation=&#8221;top&#8221; background_layout=&#8221;light&#8221; text_orientation=&#8221;center&#8221;]<\/p>\n<p>[\/et_pb_blurb][et_pb_blurb admin_label=&#8221;Blurb&#8221; title=&#8221;\u00cenr. Of. Reg. Com. Suceava&#8221; url_new_window=&#8221;off&#8221; use_icon=&#8221;on&#8221; font_icon=&#8221;\ue0ef&#8221; icon_color=&#8221;#fc4300&#8243; use_circle=&#8221;off&#8221; circle_color=&#8221;#fc4300&#8243; use_circle_border=&#8221;off&#8221; circle_border_color=&#8221;#fc4300&#8243; icon_placement=&#8221;left&#8221; animation=&#8221;top&#8221; background_layout=&#8221;light&#8221; text_orientation=&#8221;center&#8221;]<\/p>\n<p>Nr. J33\/1255\/2008<\/p>\n<p>[\/et_pb_blurb][et_pb_blurb admin_label=&#8221;Blurb&#8221; title=&#8221;CIF&#8221; url_new_window=&#8221;off&#8221; use_icon=&#8221;on&#8221; font_icon=&#8221;\ue0fe&#8221; icon_color=&#8221;#fc4300&#8243; use_circle=&#8221;off&#8221; circle_color=&#8221;#fc4300&#8243; use_circle_border=&#8221;off&#8221; circle_border_color=&#8221;#fc4300&#8243; icon_placement=&#8221;left&#8221; animation=&#8221;top&#8221; background_layout=&#8221;light&#8221; text_orientation=&#8221;center&#8221;]<\/p>\n<p>RO24315170<\/p>\n<p>[\/et_pb_blurb][et_pb_text admin_label=&#8221;Text&#8221; background_layout=&#8221;light&#8221; text_orientation=&#8221;left&#8221;]<\/p>\n<div class=\"et_social_networks et_social_1col et_social_slide et_social_rounded et_social_top et_social_mobile_on et_social_outer_dark\">\n\t\t\t\t\t\n\t\t\t\t\t\n\t\t\t\t\t<ul class=\"et_social_icons_container\"><li class=\"et_social_facebook\">\n\t\t\t\t\t\t<a href=\"https:\/\/www.facebook.com\/atripsolutions\" class=\"et_social_follow\" data-social_name=\"facebook\" data-social_type=\"follow\" data-post_id=\"0\" target=\"_blank\">\n\t\t\t\t\t\t\t<i class=\"et_social_icon et_social_icon_facebook\"><\/i>\n\t\t\t\t\t\t\t\n\t\t\t\t\t\t\t<span class=\"et_social_overlay\"><\/span>\n\t\t\t\t\t\t<\/a>\n\t\t\t\t\t<\/li><\/ul>\n\t\t\t\t<\/div>\n<p>[\/et_pb_text][\/et_pb_column][\/et_pb_row][\/et_pb_section]<\/p>\n","protected":false},"excerpt":{"rendered":"<p>\u00centotdeauna p\u0103rerea clien\u021bilor sau a poten\u021bialilor clien\u021bi a contat pentru noi a\u0219a c\u0103 te rug\u0103m s\u0103 nu ezi\u021bi s\u0103 ne contactezi \u00een cazul \u00een care dore\u0219ti s\u0103 afli mai multe despre site-urile pe care le facem sau celealte servicii \u0219i produse pe care le comercializ\u0103m. Dac\u0103\u00a0dore\u0219ti s\u0103 ne trimi\u021bi un mesaj, te rug\u0103m s\u0103 folose\u0219ti [&hellip;]<\/p>\n","protected":false},"author":1,"featured_media":0,"parent":0,"menu_order":4,"comment_status":"open","ping_status":"open","template":"","meta":{"_et_pb_use_builder":"on","_et_pb_old_content":"","_et_gb_content_width":"","footnotes":""},"class_list":["post-13","page","type-page","status-publish","hentry"],"_links":{"self":[{"href":"https:\/\/www.atripsolutions.ro\/site\/wp-json\/wp\/v2\/pages\/13","targetHints":{"allow":["GET"]}}],"collection":[{"href":"https:\/\/www.atripsolutions.ro\/site\/wp-json\/wp\/v2\/pages"}],"about":[{"href":"https:\/\/www.atripsolutions.ro\/site\/wp-json\/wp\/v2\/types\/page"}],"author":[{"embeddable":true,"href":"https:\/\/www.atripsolutions.ro\/site\/wp-json\/wp\/v2\/users\/1"}],"replies":[{"embeddable":true,"href":"https:\/\/www.atripsolutions.ro\/site\/wp-json\/wp\/v2\/comments?post=13"}],"version-history":[{"count":2,"href":"https:\/\/www.atripsolutions.ro\/site\/wp-json\/wp\/v2\/pages\/13\/revisions"}],"predecessor-version":[{"id":735,"href":"https:\/\/www.atripsolutions.ro\/site\/wp-json\/wp\/v2\/pages\/13\/revisions\/735"}],"wp:attachment":[{"href":"https:\/\/www.atripsolutions.ro\/site\/wp-json\/wp\/v2\/media?parent=13"}],"curies":[{"name":"wp","href":"https:\/\/api.w.org\/{rel}","templated":true}]}}