{"id":6,"date":"2012-03-14T21:13:46","date_gmt":"2012-03-14T19:13:46","guid":{"rendered":"http:\/\/www.atripsolutions.ro\/site\/?page_id=6"},"modified":"2014-11-13T17:54:35","modified_gmt":"2014-11-13T15:54:35","slug":"despre","status":"publish","type":"page","link":"https:\/\/www.atripsolutions.ro\/site\/despre\/","title":{"rendered":"despre"},"content":{"rendered":"<p>[et_pb_section fullwidth=&#8221;on&#8221; specialty=&#8221;off&#8221;][et_pb_fullwidth_slider admin_label=&#8221;Fullwidth Slider&#8221; show_arrows=&#8221;on&#8221; show_pagination=&#8221;on&#8221; auto=&#8221;off&#8221; parallax=&#8221;off&#8221; parallax_method=&#8221;off&#8221;][et_pb_slide heading=&#8221;TOTUL E POSIBIL! &#8221; button_text=&#8221;PORTOFOLIU&#8221; button_link=&#8221;\/site\/portofoliu-2\/&#8221; background_image=&#8221;http:\/\/www.atripsolutions.ro\/site\/wp-content\/uploads\/2012\/03\/Elegant_Background-17.jpg&#8221; background_color=&#8221;#ffffff&#8221; alignment=&#8221;center&#8221; background_layout=&#8221;dark&#8221;]<\/p>\n<p>Vom g\u0103si \u00eempreun\u0103 solu\u021biile cele mai bune pentru a da imaginii tale aspectul \u0219i func\u021bionalit\u0103\u021bile pe care \u021bi le dore\u0219ti.<\/p>\n<p>[\/et_pb_slide][\/et_pb_fullwidth_slider][\/et_pb_section][et_pb_section background_color=&#8221;#ffffff&#8221; inner_shadow=&#8221;off&#8221; parallax=&#8221;off&#8221;][et_pb_row][et_pb_column type=&#8221;1_2&#8243;][et_pb_image admin_label=&#8221;Image&#8221; src=&#8221;http:\/\/www.atripsolutions.ro\/site\/wp-content\/uploads\/2014\/02\/imaginatie.png&#8221; show_in_lightbox=&#8221;off&#8221; url_new_window=&#8221;off&#8221; animation=&#8221;left&#8221; sticky=&#8221;off&#8221; \/][\/et_pb_column][et_pb_column type=&#8221;1_2&#8243;][et_pb_cta admin_label=&#8221;Call To Action&#8221; title=&#8221;Din 2008 suntem la dispozi\u021bia clien\u021bilor&#8221; button_url=&#8221;\/site\/contact\/&#8221; button_text=&#8221;contacteaz\u0103-ne&#8221; use_background_color=&#8221;on&#8221; background_color=&#8221;#333333&#8243; background_layout=&#8221;dark&#8221; text_orientation=&#8221;center&#8221;]<\/p>\n<p>\u00cenc\u0103 din 2008 oferim\u00a0solu\u021bii clien\u021bilor no\u0219tri.<br \/>\nFie c\u0103 e vorba despre creare de<br \/>\n<strong>site-uri web<\/strong> sau de o simpl\u0103<strong> carte de vizit\u0103<\/strong>,<br \/>\nde un<strong> banner<\/strong> <strong>strada<\/strong>l sau un <strong>flyer<\/strong>,<br \/>\nde un <strong>logo<\/strong> sau o <strong>bro\u0219ur\u0103<\/strong>,<br \/>\nmereu am fost al\u0103turi de clien\u021bii no\u0219tri cu<\/p>\n<h3>seriozitate, creativitate \u0219i disponibilitate.<\/h3>\n<p>[\/et_pb_cta][\/et_pb_column][\/et_pb_row][\/et_pb_section][et_pb_section fullwidth=&#8221;off&#8221; specialty=&#8221;off&#8221; background_color=&#8221;#f7f7f7&#8243; inner_shadow=&#8221;on&#8221; parallax=&#8221;off&#8221;][et_pb_row][et_pb_column type=&#8221;4_4&#8243;][et_pb_text admin_label=&#8221;Text&#8221; background_layout=&#8221;light&#8221; text_orientation=&#8221;center&#8221;]<\/p>\n<h1>PORTOFOLIU<\/h1>\n<p>[\/et_pb_text][et_pb_image admin_label=&#8221;Image&#8221; src=&#8221;http:\/\/www.atripsolutions.ro\/site\/wp-content\/uploads\/2012\/03\/Slider-1280px.png&#8221; show_in_lightbox=&#8221;off&#8221; url_new_window=&#8221;off&#8221; animation=&#8221;left&#8221; sticky=&#8221;off&#8221; \/][\/et_pb_column][\/et_pb_row][et_pb_row][et_pb_column type=&#8221;4_4&#8243;][et_pb_portfolio admin_label=&#8221;Portfolio&#8221; fullwidth=&#8221;off&#8221; posts_number=&#8221;8&#8243; show_title=&#8221;on&#8221; show_categories=&#8221;off&#8221; show_pagination=&#8221;off&#8221; background_layout=&#8221;light&#8221; \/][et_pb_cta admin_label=&#8221;Call To Action&#8221; button_url=&#8221;\/site\/portofoliu-2\/&#8221; button_text=&#8221;vezi tot portofoliul&#8221; use_background_color=&#8221;off&#8221; background_color=&#8221;#2ea3f2&#8243; background_layout=&#8221;light&#8221; text_orientation=&#8221;center&#8221; \/][\/et_pb_column][\/et_pb_row][\/et_pb_section][et_pb_section fullwidth=&#8221;off&#8221; specialty=&#8221;off&#8221; background_color=&#8221;#222b34&#8243; inner_shadow=&#8221;off&#8221; parallax=&#8221;off&#8221;][et_pb_row][et_pb_column type=&#8221;1_2&#8243;][et_pb_image admin_label=&#8221;Image&#8221; src=&#8221;http:\/\/www.atripsolutions.ro\/site\/wp-content\/uploads\/2014\/02\/Slide.png&#8221; show_in_lightbox=&#8221;off&#8221; url_new_window=&#8221;off&#8221; animation=&#8221;left&#8221; sticky=&#8221;off&#8221; \/][\/et_pb_column][et_pb_column type=&#8221;1_2&#8243;][et_pb_cta admin_label=&#8221;Call To Action&#8221; title=&#8221;Ce ar fi dac\u0103 ai avea un angajat care s\u0103 lucreze 24 ore din 24, 7 zile din 7?&#8221; button_url=&#8221;\/site\/contact\/&#8221; button_text=&#8221;cere o ofert\u0103&#8221; use_background_color=&#8221;on&#8221; background_color=&#8221;#fc4300&#8243; background_layout=&#8221;dark&#8221; text_orientation=&#8221;center&#8221;]<\/p>\n<p style=\"text-align: left;\">\u015ei ce ar mai fi dac\u0103 acest angajat <strong>nu ar cere prime<\/strong> \u015fi nici <strong>nu ar trebui s\u0103 \u00eei pl\u0103te\u015fti salariu<\/strong> \u00een fiecare lun\u0103?<\/p>\n<h2><strong>Acel angajat poate fi site-ul t\u0103u!!!<\/strong><\/h2>\n<p>A\u015fa c\u0103 pune site-ul t\u0103u la munc\u0103!<\/p>\n<p>[\/et_pb_cta][\/et_pb_column][\/et_pb_row][et_pb_row][et_pb_column type=&#8221;4_4&#8243;][et_pb_cta admin_label=&#8221;Call To Action&#8221; button_url=&#8221;#&#8221; button_text=&#8221;Full Profiles&#8221; use_background_color=&#8221;off&#8221; background_color=&#8221;#2ea3f2&#8243; background_layout=&#8221;dark&#8221; text_orientation=&#8221;center&#8221; \/][\/et_pb_column][\/et_pb_row][\/et_pb_section][et_pb_section fullwidth=&#8221;off&#8221; specialty=&#8221;off&#8221;][et_pb_row][et_pb_column type=&#8221;4_4&#8243;][et_pb_text admin_label=&#8221;Text&#8221; background_layout=&#8221;light&#8221; text_orientation=&#8221;center&#8221;]<\/p>\n<h1>CLIEN\u021aII NO\u0218TRI<\/h1>\n<p>[\/et_pb_text][\/et_pb_column][\/et_pb_row][et_pb_row][et_pb_column type=&#8221;1_4&#8243;][et_pb_image admin_label=&#8221;Image&#8221; src=&#8221;http:\/\/www.atripsolutions.ro\/site\/wp-content\/uploads\/2014\/10\/hellobucovina-new-logo-grey.jpg&#8221; url_new_window=&#8221;off&#8221; animation=&#8221;left&#8221; show_in_lightbox=&#8221;off&#8221; sticky=&#8221;off&#8221; url=&#8221;http:\/\/www.atripsolutions.ro\/site\/despre#a1&#8243; \/][\/et_pb_column][et_pb_column type=&#8221;1_4&#8243;][et_pb_image admin_label=&#8221;Image&#8221; src=&#8221;http:\/\/www.atripsolutions.ro\/site\/wp-content\/uploads\/2014\/02\/logo-railex-red.png&#8221; url_new_window=&#8221;off&#8221; animation=&#8221;left&#8221; show_in_lightbox=&#8221;off&#8221; sticky=&#8221;off&#8221; \/][\/et_pb_column][et_pb_column type=&#8221;1_4&#8243;][et_pb_image admin_label=&#8221;Image&#8221; src=&#8221;http:\/\/www.atripsolutions.ro\/site\/wp-content\/uploads\/2014\/02\/logo-apropo_cafe-negru-e1379354912325.png&#8221; url_new_window=&#8221;off&#8221; animation=&#8221;left&#8221; show_in_lightbox=&#8221;off&#8221; sticky=&#8221;off&#8221; \/][\/et_pb_column][et_pb_column type=&#8221;1_4&#8243;][et_pb_image admin_label=&#8221;Image&#8221; src=&#8221;http:\/\/www.atripsolutions.ro\/site\/wp-content\/uploads\/2014\/02\/logo-copilul-din-soare.png&#8221; url_new_window=&#8221;off&#8221; animation=&#8221;left&#8221; show_in_lightbox=&#8221;off&#8221; sticky=&#8221;off&#8221; \/][\/et_pb_column][\/et_pb_row][et_pb_row][et_pb_column type=&#8221;1_4&#8243;][et_pb_image admin_label=&#8221;Image&#8221; src=&#8221;http:\/\/www.atripsolutions.ro\/site\/wp-content\/uploads\/2012\/03\/emanuel-enache-logo.png&#8221; url_new_window=&#8221;off&#8221; animation=&#8221;left&#8221; show_in_lightbox=&#8221;off&#8221; sticky=&#8221;off&#8221; \/][\/et_pb_column][et_pb_column type=&#8221;1_4&#8243;][et_pb_image admin_label=&#8221;Image&#8221; src=&#8221;http:\/\/www.atripsolutions.ro\/site\/wp-content\/uploads\/2012\/03\/MYAKITAINU-logo-white.png&#8221; url_new_window=&#8221;off&#8221; animation=&#8221;left&#8221; show_in_lightbox=&#8221;off&#8221; sticky=&#8221;off&#8221; \/][\/et_pb_column][et_pb_column type=&#8221;1_4&#8243;][et_pb_image admin_label=&#8221;Image&#8221; src=&#8221;http:\/\/www.atripsolutions.ro\/site\/wp-content\/uploads\/2012\/03\/logo-rompeisaj.png&#8221; url_new_window=&#8221;off&#8221; animation=&#8221;left&#8221; show_in_lightbox=&#8221;off&#8221; sticky=&#8221;off&#8221; \/][\/et_pb_column][et_pb_column type=&#8221;1_4&#8243;][et_pb_image admin_label=&#8221;Image&#8221; src=&#8221;http:\/\/www.atripsolutions.ro\/site\/wp-content\/uploads\/2012\/03\/andor-international-logo-final-3.jpg&#8221; url_new_window=&#8221;off&#8221; animation=&#8221;left&#8221; show_in_lightbox=&#8221;off&#8221; sticky=&#8221;off&#8221; \/][\/et_pb_column][\/et_pb_row][\/et_pb_section]<\/p>\n","protected":false},"excerpt":{"rendered":"<p>Vom g\u0103si \u00eempreun\u0103 solu\u021biile cele mai bune pentru a da imaginii tale aspectul \u0219i func\u021bionalit\u0103\u021bile pe care \u021bi le dore\u0219ti. <div class=\"et_pb_row et_pb_row_0 et_pb_row_empty\">\n\t\t\t\t\n\t\t\t\t\n\t\t\t\t\n\t\t\t\t\n\t\t\t\t\n\t\t\t<\/div> \u00cenc\u0103 din 2008 oferim\u00a0solu\u021bii clien\u021bilor no\u0219tri. Fie c\u0103 e vorba despre creare de site-uri web sau de o simpl\u0103 carte de vizit\u0103, de un banner stradal sau un flyer, de un logo sau o [&hellip;]<\/p>\n","protected":false},"author":1,"featured_media":105,"parent":0,"menu_order":0,"comment_status":"open","ping_status":"open","template":"","meta":{"_et_pb_use_builder":"on","_et_pb_old_content":"<p><img class=\" wp-image-105 alignleft\" style=\"margin-left: 10px; margin-right: 10px;\" alt=\"materiale promo\" src=\"http:\/\/www.atripsolutions.ro\/site\/wp-content\/uploads\/2012\/03\/materiale-promo.png\" height=\"100\" \/>\u00cenfiin\u021bat\u0103 \u00een 2008, SC ATRIP SRL a reu\u0219it s\u0103 atrag\u0103 o serie de clien\u021bi constan\u021bi care apeleaz\u0103 la serviciile noastre pentru o mai buna func\u021bionare a comunic\u0103rii c\u0103tre clien\u021bi. \u00cen timp am devenit chiar prieteni ceea ce demonstreaz\u0103 tocmai nivelul de \u00eencredere care st\u0103 la baza rela\u021biilor noastre comerciale.<\/p><h3 style=\"text-align: center;\">Solutii la indemana<\/h3><h5 style=\"text-align: center;\">Acesta este dictonul care ne calauzeste in viata dar si in activitatea profesionala.<\/h5>","_et_gb_content_width":"","footnotes":""},"class_list":["post-6","page","type-page","status-publish","has-post-thumbnail","hentry"],"_links":{"self":[{"href":"https:\/\/www.atripsolutions.ro\/site\/wp-json\/wp\/v2\/pages\/6","targetHints":{"allow":["GET"]}}],"collection":[{"href":"https:\/\/www.atripsolutions.ro\/site\/wp-json\/wp\/v2\/pages"}],"about":[{"href":"https:\/\/www.atripsolutions.ro\/site\/wp-json\/wp\/v2\/types\/page"}],"author":[{"embeddable":true,"href":"https:\/\/www.atripsolutions.ro\/site\/wp-json\/wp\/v2\/users\/1"}],"replies":[{"embeddable":true,"href":"https:\/\/www.atripsolutions.ro\/site\/wp-json\/wp\/v2\/comments?post=6"}],"version-history":[{"count":0,"href":"https:\/\/www.atripsolutions.ro\/site\/wp-json\/wp\/v2\/pages\/6\/revisions"}],"wp:featuredmedia":[{"embeddable":true,"href":"https:\/\/www.atripsolutions.ro\/site\/wp-json\/wp\/v2\/media\/105"}],"wp:attachment":[{"href":"https:\/\/www.atripsolutions.ro\/site\/wp-json\/wp\/v2\/media?parent=6"}],"curies":[{"name":"wp","href":"https:\/\/api.w.org\/{rel}","templated":true}]}}