{"id":63,"date":"2012-05-13T20:58:15","date_gmt":"2012-05-13T17:58:15","guid":{"rendered":"http:\/\/www.atripsolutions.ro\/site\/?page_id=63"},"modified":"2014-11-13T11:26:16","modified_gmt":"2014-11-13T09:26:16","slug":"seo-publicitate-online","status":"publish","type":"page","link":"https:\/\/www.atripsolutions.ro\/site\/servicii\/seo-publicitate-online\/","title":{"rendered":"SEO &#038; Publicitate Online"},"content":{"rendered":"<p>[et_pb_section fullwidth=&#8221;on&#8221; specialty=&#8221;off&#8221;][et_pb_fullwidth_slider admin_label=&#8221;Fullwidth Slider&#8221; show_arrows=&#8221;on&#8221; show_pagination=&#8221;on&#8221; auto=&#8221;off&#8221; parallax=&#8221;off&#8221; parallax_method=&#8221;off&#8221;][et_pb_slide heading=&#8221;SEO &amp; PUBLICITATE ONLINE&#8221; background_image=&#8221;http:\/\/www.atripsolutions.ro\/site\/wp-content\/uploads\/2012\/05\/Elegant_Background-9.jpg&#8221; background_color=&#8221;#ffffff&#8221; alignment=&#8221;center&#8221; background_layout=&#8221;dark&#8221;]<\/p>\n<p><strong>Devino mai vizibil online!<\/strong><\/p>\n<p>F\u0103 site-ul t\u0103u mai u\u0219or de g\u0103sit de <strong>motoarele de c\u0103utare<\/strong>!<br \/>\nPromoveaz\u0103-l folosind <strong>anun\u021burile sponsorizate<\/strong>!<\/p>\n<p>[\/et_pb_slide][\/et_pb_fullwidth_slider][\/et_pb_section][et_pb_section background_color=&#8221;#ffffff&#8221; inner_shadow=&#8221;off&#8221; parallax=&#8221;off&#8221;][et_pb_row][et_pb_column type=&#8221;2_3&#8243;][et_pb_text admin_label=&#8221;Text&#8221; background_layout=&#8221;light&#8221; text_orientation=&#8221;left&#8221;]<\/p>\n<h1>Pe scurt despre SEO<\/h1>\n<p><strong>SEO <\/strong>(Search Engine Optimization) este un proces de perfec\u021bionare (favorizare) a vizibilit\u0103\u021bii paginilor web \u00een cadrul ordon\u0103rii rezultatelor c\u0103ut\u0103rii \u00een lista f\u0103cut\u0103 de motorul de c\u0103utare.<\/p>\n<p><strong>Search Engine Optimization<\/strong>\u00a0(SEO, \u00een rom\u00e2n\u0103 <strong>optimizare pentru motoare de c\u0103utare<\/strong>) este o subcategorie a marketing-ului online SEM, practic\u0103 ap\u0103rut\u0103 \u00een anul 1990, odat\u0103 cu apari\u021bia primelor site-uri pe Internet, \u0219i care reprezint\u0103 totalitatea tehnicilor prin care un site web este adus la o form\u0103 \u00een care este propulsat mai sus \u00een lista de rezultate date de un motor de c\u0103utare pentru diverse cuvinte-cheie.<\/p>\n<p>&nbsp;<\/p>\n<p>&nbsp;<\/p>\n<p>[\/et_pb_text][et_pb_text admin_label=&#8221;Text&#8221; background_layout=&#8221;light&#8221; text_orientation=&#8221;left&#8221;]<\/p>\n<h1>SEO ajut\u0103<\/h1>\n<p>[\/et_pb_text][et_pb_blurb admin_label=&#8221;Blurb&#8221; url_new_window=&#8221;off&#8221; use_icon=&#8221;on&#8221; font_icon=&#8221;N&#8221; icon_color=&#8221;#fc4300&#8243; use_circle=&#8221;off&#8221; circle_color=&#8221;#fc4300&#8243; use_circle_border=&#8221;off&#8221; circle_border_color=&#8221;#fc4300&#8243; icon_placement=&#8221;left&#8221; animation=&#8221;top&#8221; background_layout=&#8221;light&#8221; text_orientation=&#8221;left&#8221;]<\/p>\n<p>motoarele de c\u0103utare s\u0103 \u00ee\u0219i fac\u0103 mai bine treaba<\/p>\n<p>[\/et_pb_blurb][et_pb_blurb admin_label=&#8221;Blurb&#8221; url_new_window=&#8221;off&#8221; use_icon=&#8221;on&#8221; font_icon=&#8221;N&#8221; icon_color=&#8221;#fc4300&#8243; use_circle=&#8221;off&#8221; circle_color=&#8221;#fc4300&#8243; use_circle_border=&#8221;off&#8221; circle_border_color=&#8221;#fc4300&#8243; icon_placement=&#8221;left&#8221; animation=&#8221;top&#8221; background_layout=&#8221;light&#8221; text_orientation=&#8221;left&#8221;]<\/p>\n<p>oamenii s\u0103 g\u0103seasc\u0103 informa\u021biile, imaginile, produsele de care au nevoie<\/p>\n<p>[\/et_pb_blurb][et_pb_blurb admin_label=&#8221;Blurb&#8221; url_new_window=&#8221;off&#8221; use_icon=&#8221;on&#8221; font_icon=&#8221;N&#8221; icon_color=&#8221;#fc4300&#8243; use_circle=&#8221;off&#8221; circle_color=&#8221;#fc4300&#8243; use_circle_border=&#8221;off&#8221; circle_border_color=&#8221;#fc4300&#8243; icon_placement=&#8221;left&#8221; animation=&#8221;top&#8221; background_layout=&#8221;light&#8221; text_orientation=&#8221;left&#8221;]<\/p>\n<p>firmele mici s\u0103 concureze cu marile companii<\/p>\n<p>[\/et_pb_blurb][et_pb_blurb admin_label=&#8221;Blurb&#8221; url_new_window=&#8221;off&#8221; use_icon=&#8221;on&#8221; font_icon=&#8221;N&#8221; icon_color=&#8221;#fc4300&#8243; use_circle=&#8221;off&#8221; circle_color=&#8221;#fc4300&#8243; use_circle_border=&#8221;off&#8221; circle_border_color=&#8221;#fc4300&#8243; icon_placement=&#8221;left&#8221; animation=&#8221;top&#8221; background_layout=&#8221;light&#8221; text_orientation=&#8221;left&#8221;]<\/p>\n<p>o adev\u0103rat\u0103 industrie de speciali\u0219ti \u0219i traineri s\u0103 aiba locuri de munc\u0103<\/p>\n<p>[\/et_pb_blurb][et_pb_blurb admin_label=&#8221;Blurb&#8221; url_new_window=&#8221;off&#8221; use_icon=&#8221;on&#8221; icon_color=&#8221;#fc4300&#8243; use_circle=&#8221;off&#8221; circle_color=&#8221;#fc4300&#8243; use_circle_border=&#8221;off&#8221; circle_border_color=&#8221;#fc4300&#8243; icon_placement=&#8221;left&#8221; animation=&#8221;top&#8221; background_layout=&#8221;light&#8221; text_orientation=&#8221;left&#8221; font_icon=&#8221;N&#8221;]<\/p>\n<p>la reducerea cheltuielilor cu promovarea online<\/p>\n<p>[\/et_pb_blurb][et_pb_text admin_label=&#8221;Text&#8221; background_layout=&#8221;light&#8221; text_orientation=&#8221;left&#8221;]<\/p>\n<p>Optimizarea corect\u0103 a unui site conduce la o mai bun\u0103 prezen\u021b\u0103 \u00een motoarele de c\u0103utare la cautari relevante efectuate de utilizatori, legate de informa\u021biile, serviciile sau produsele prezentate pe site.<\/p>\n<p>Acest lucru conduce la <strong>mai mul\u021bi vizitatori<\/strong>, <strong>mai multe persoane interesate<\/strong> \u0219i <strong>mai multe v\u00e2nz\u0103ri<\/strong>. \u00cens\u0103 asta nu este tot ceea ce face SEO, impactul lui fiind unul mult mai vast \u0219i mai benefic.<\/p>\n<p>[\/et_pb_text][\/et_pb_column][et_pb_column type=&#8221;1_3&#8243;][et_pb_cta admin_label=&#8221;Call To Action&#8221; title=&#8221;Cere o ofert\u0103!&#8221; button_url=&#8221;\/site\/contact\/&#8221; button_text=&#8221;contacteaz\u0103-ne&#8221; use_background_color=&#8221;on&#8221; background_color=&#8221;#333333&#8243; background_layout=&#8221;dark&#8221; text_orientation=&#8221;center&#8221;]<\/p>\n<p>Dac\u0103 e\u0219ti interesat \u00een a dezvolta\u00a0un site pentru tine sau afacerea ta,<br \/>\nte rug\u0103m s\u0103 nu ezi\u021bi s\u0103 ne contactezi.<\/p>\n<p>[\/et_pb_cta][\/et_pb_column][\/et_pb_row][\/et_pb_section]<\/p>\n","protected":false},"excerpt":{"rendered":"<p>Devino mai vizibil online! F\u0103 site-ul t\u0103u mai u\u0219or de g\u0103sit de motoarele de c\u0103utare! Promoveaz\u0103-l folosind anun\u021burile sponsorizate! <div class=\"et_pb_row et_pb_row_0 et_pb_row_empty\">\n\t\t\t\t\n\t\t\t\t\n\t\t\t\t\n\t\t\t\t\n\t\t\t\t\n\t\t\t<\/div> Pe scurt despre SEO SEO (Search Engine Optimization) este un proces de perfec\u021bionare (favorizare) a vizibilit\u0103\u021bii paginilor web \u00een cadrul ordon\u0103rii rezultatelor c\u0103ut\u0103rii \u00een lista f\u0103cut\u0103 de motorul de c\u0103utare. Search Engine Optimization\u00a0(SEO, \u00een rom\u00e2n\u0103 [&hellip;]<\/p>\n","protected":false},"author":1,"featured_media":0,"parent":8,"menu_order":0,"comment_status":"open","ping_status":"open","template":"","meta":{"_et_pb_use_builder":"on","_et_pb_old_content":"<p>De la campanii pe Google prin care anunturile tale vor fi afisate acolo unde vrei si cui vrei tu astfel incat banii tai sa nu fie irositi, pina la creare si expediere de newslettere cu cele mai noi oferte ale tale, te putem ajuta sa atragi clienti noi dar si sa informezi clienti deja existenti asupra ofertelor tale.<\/p>","_et_gb_content_width":"","footnotes":""},"class_list":["post-63","page","type-page","status-publish","hentry"],"_links":{"self":[{"href":"https:\/\/www.atripsolutions.ro\/site\/wp-json\/wp\/v2\/pages\/63","targetHints":{"allow":["GET"]}}],"collection":[{"href":"https:\/\/www.atripsolutions.ro\/site\/wp-json\/wp\/v2\/pages"}],"about":[{"href":"https:\/\/www.atripsolutions.ro\/site\/wp-json\/wp\/v2\/types\/page"}],"author":[{"embeddable":true,"href":"https:\/\/www.atripsolutions.ro\/site\/wp-json\/wp\/v2\/users\/1"}],"replies":[{"embeddable":true,"href":"https:\/\/www.atripsolutions.ro\/site\/wp-json\/wp\/v2\/comments?post=63"}],"version-history":[{"count":0,"href":"https:\/\/www.atripsolutions.ro\/site\/wp-json\/wp\/v2\/pages\/63\/revisions"}],"up":[{"embeddable":true,"href":"https:\/\/www.atripsolutions.ro\/site\/wp-json\/wp\/v2\/pages\/8"}],"wp:attachment":[{"href":"https:\/\/www.atripsolutions.ro\/site\/wp-json\/wp\/v2\/media?parent=63"}],"curies":[{"name":"wp","href":"https:\/\/api.w.org\/{rel}","templated":true}]}}